{"id":2921,"date":"2013-01-03T19:43:47","date_gmt":"2013-01-03T19:43:47","guid":{"rendered":"http:\/\/teutonicouniformes.com.ar\/web\/?page_id=2921"},"modified":"2014-07-29T14:52:49","modified_gmt":"2014-07-29T14:52:49","slug":"empresa","status":"publish","type":"page","link":"http:\/\/teutonicouniformes.com.ar\/web\/empresa\/","title":{"rendered":"Empresa"},"content":{"rendered":"<p><img loading=\"lazy\" decoding=\"async\" class=\"aligncenter size-full wp-image-3019\" src=\"http:\/\/teutonicouniformes.com.ar\/web\/wp-content\/uploads\/2013\/01\/empresa.jpg\" alt=\"empresa\" width=\"980\" height=\"250\" srcset=\"http:\/\/teutonicouniformes.com.ar\/web\/wp-content\/uploads\/2013\/01\/empresa.jpg 980w, http:\/\/teutonicouniformes.com.ar\/web\/wp-content\/uploads\/2013\/01\/empresa-300x76.jpg 300w\" sizes=\"auto, (max-width: 980px) 100vw, 980px\" \/><\/p>\n<p>&nbsp;<\/p>\n<div class='one_half clearfix'> \n<h3>\u00bfQui\u00e9nes somos?<\/h3>\n<p>Somos una empresa familiar dedicada exclusivamente al dise\u00f1o de indumentaria profesional brindando la m\u00e1s alta calidad en telas y modelos para hacer que te diferencies del resto. Reconocidos hace 15 a\u00f1os como la marca l\u00edder de indumentaria en dise\u00f1o y calidad, seguimos d\u00eda a d\u00eda super\u00e1ndonos para hacer que el trabajo en el consultorio sea m\u00e1s\u00a0acorde con tu estilo. <\/div> <div class='one_half_last clearfix'> \n<h3>Materia Prima<\/h3>\n<p>Para seguir siendo l\u00edderes, solo utilizamos las mejores marcas del mercado nacional e internacional. Contamos con dise\u00f1os propios y exclusivos. Asi como tambi\u00e9n, la mayor variedad del\u00a0mercado en estampados y bordados pensado para cada profesi\u00f3n. Las telas son altamente resistentes a los lavados, as\u00ed como tambi\u00e9n los estampados. <\/div> <div class='clearfix'><\/div><br \/>\n<div class='one_half clearfix'> \n<h3>Forma de Atenci\u00f3n<\/h3>\n<p style=\"text-align: left;\"><a title=\"Contacto\" href=\"http:\/\/teutonicouniformes.com.ar\/web\/contacto\/\">Cont\u00e1ctenos<\/a> para solicitar una entrevista en su consultorio con uno de nuestros representantes o\u00a0encuentrenos en los congresos m\u00e1s importantes a lo largo de todo a\u00f1o.<br \/>\nNo deje de visitar nuestra secci\u00f3n <a href=\"http:\/\/teutonicouniformes.com.ar\/web\/category\/novedades\/\">Novedades<\/a> para ver los pr\u00f3ximos eventos. <\/div> <div class='one_half_last clearfix'> \n<h3>Venta en el Interior<\/h3>\n<p style=\"text-align: left;\">Puede encontrar un vendedor en su localidad:<\/p>\n<ul>\n<li><strong>Tierra del Fuego<\/strong>,\u00a0Ushuaia<\/li>\n<li><strong>Santa Cruz<\/strong>, R\u00edo Gallegos<\/li>\n<li><strong>La Rioja<\/strong><\/li>\n<li><strong>Mendoza<\/strong>, Mendoza<\/li>\n<li><strong>Tucuman<\/strong><\/li>\n<li><strong>Santa Fe<\/strong>, Rosario<\/li>\n<li><strong>Cordoba<\/strong>, Capital<\/li>\n<li><strong>C\u00f3rdoba<\/strong>,\u00a0Oncativo<\/li>\n<li><strong>Chubut<\/strong>,\u00a0Comodoro Rivadavia<\/li>\n<li><strong>Chaco<\/strong>,\u00a0Roque Saenz Pe\u00f1a<\/li>\n<li><strong>Formosa<\/strong>, Capital<\/li>\n<li><strong>Jujuy<\/strong>, San Pedro de Jujuy<\/li>\n<li><strong>San Juan<\/strong><\/li>\n<\/ul>\n<p><a title=\"Contacto\" href=\"http:\/\/teutonicouniformes.com.ar\/web\/contacto\/\">Comuniquese<\/a>\u00a0con nosotros para poder\u00a0contactarlos.<\/p>\n<p>Y porque sabemos que no quer\u00e9s quedarte afuera, <a title=\"Contacto\" href=\"http:\/\/teutonicouniformes.com.ar\/web\/contacto\/\">cont\u00e1ctate<\/a> con nosotros para ser el\u00a0vendedor exclusivo de <strong>Teutonico Uniformes<\/strong>\u00a0en tu provincia. <\/div> <div class='clearfix'><\/div><\/p>\n","protected":false},"excerpt":{"rendered":"<p>&nbsp;<\/p>\n","protected":false},"author":2,"featured_media":0,"parent":0,"menu_order":0,"comment_status":"open","ping_status":"open","template":"","meta":{"footnotes":""},"class_list":["post-2921","page","type-page","status-publish","hentry"],"_links":{"self":[{"href":"http:\/\/teutonicouniformes.com.ar\/web\/wp-json\/wp\/v2\/pages\/2921","targetHints":{"allow":["GET"]}}],"collection":[{"href":"http:\/\/teutonicouniformes.com.ar\/web\/wp-json\/wp\/v2\/pages"}],"about":[{"href":"http:\/\/teutonicouniformes.com.ar\/web\/wp-json\/wp\/v2\/types\/page"}],"author":[{"embeddable":true,"href":"http:\/\/teutonicouniformes.com.ar\/web\/wp-json\/wp\/v2\/users\/2"}],"replies":[{"embeddable":true,"href":"http:\/\/teutonicouniformes.com.ar\/web\/wp-json\/wp\/v2\/comments?post=2921"}],"version-history":[{"count":42,"href":"http:\/\/teutonicouniformes.com.ar\/web\/wp-json\/wp\/v2\/pages\/2921\/revisions"}],"predecessor-version":[{"id":3779,"href":"http:\/\/teutonicouniformes.com.ar\/web\/wp-json\/wp\/v2\/pages\/2921\/revisions\/3779"}],"wp:attachment":[{"href":"http:\/\/teutonicouniformes.com.ar\/web\/wp-json\/wp\/v2\/media?parent=2921"}],"curies":[{"name":"wp","href":"https:\/\/api.w.org\/{rel}","templated":true}]}}